{"id":12885,"date":"2021-11-09T12:16:04","date_gmt":"2021-11-09T11:16:04","guid":{"rendered":"https:\/\/onseries.eu\/?page_id=12885\/"},"modified":"2021-11-09T12:16:04","modified_gmt":"2021-11-09T11:16:04","slug":"selected-projects-to-onideas","status":"publish","type":"page","link":"https:\/\/onseries.eu\/en\/selected-projects-to-onideas\/","title":{"rendered":"Selected Projects to ONIdeas"},"content":{"rendered":"<p>[et_pb_section admin_label=&#8221;Secci\u00f3n&#8221; fullwidth=&#8221;on&#8221; specialty=&#8221;off&#8221; transparent_background=&#8221;off&#8221; allow_player_pause=&#8221;off&#8221; inner_shadow=&#8221;off&#8221; parallax=&#8221;off&#8221; parallax_method=&#8221;off&#8221; padding_mobile=&#8221;off&#8221; make_fullwidth=&#8221;off&#8221; use_custom_width=&#8221;off&#8221; width_unit=&#8221;on&#8221; make_equal=&#8221;off&#8221; use_custom_gutter=&#8221;off&#8221; module_class=&#8221;cyp_cf3_header&#8221;][et_pb_fullwidth_header admin_label=&#8221;T\u00edtulo de anchura completa&#8221; background_layout=&#8221;light&#8221; text_orientation=&#8221;left&#8221; header_fullscreen=&#8221;off&#8221; header_scroll_down=&#8221;off&#8221; parallax=&#8221;off&#8221; parallax_method=&#8221;off&#8221; content_orientation=&#8221;center&#8221; image_orientation=&#8221;center&#8221; custom_button_one=&#8221;off&#8221; button_one_letter_spacing=&#8221;0&#8243; button_one_use_icon=&#8221;default&#8221; button_one_icon_placement=&#8221;right&#8221; button_one_on_hover=&#8221;on&#8221; button_one_letter_spacing_hover=&#8221;0&#8243; custom_button_two=&#8221;off&#8221; button_two_letter_spacing=&#8221;0&#8243; button_two_use_icon=&#8221;default&#8221; button_two_icon_placement=&#8221;right&#8221; button_two_on_hover=&#8221;on&#8221; button_two_letter_spacing_hover=&#8221;0&#8243;]<\/p>\n<h1>SELECTED PROJECTS TO ONIDEAS<\/h1>\n<p>[\/et_pb_fullwidth_header][\/et_pb_section][et_pb_section admin_label=&#8221;Secci\u00f3n&#8221; fullwidth=&#8221;off&#8221; specialty=&#8221;off&#8221; transparent_background=&#8221;off&#8221; allow_player_pause=&#8221;off&#8221; inner_shadow=&#8221;off&#8221; parallax=&#8221;off&#8221; parallax_method=&#8221;off&#8221; padding_mobile=&#8221;off&#8221; make_fullwidth=&#8221;off&#8221; use_custom_width=&#8221;off&#8221; width_unit=&#8221;on&#8221; make_equal=&#8221;off&#8221; use_custom_gutter=&#8221;off&#8221; module_class=&#8221;cyp_cf3_pro&#8221;][et_pb_row admin_label=&#8221;Fila&#8221; make_fullwidth=&#8221;off&#8221; use_custom_width=&#8221;off&#8221; width_unit=&#8221;on&#8221; use_custom_gutter=&#8221;off&#8221; padding_mobile=&#8221;off&#8221; allow_player_pause=&#8221;off&#8221; parallax=&#8221;off&#8221; parallax_method=&#8221;off&#8221; make_equal=&#8221;off&#8221; parallax_1=&#8221;off&#8221; parallax_method_1=&#8221;off&#8221; column_padding_mobile=&#8221;on&#8221;][et_pb_column type=&#8221;4_4&#8243;][et_pb_text admin_label=&#8221;Texto&#8221; background_layout=&#8221;light&#8221; text_orientation=&#8221;left&#8221; use_border_color=&#8221;off&#8221; border_color=&#8221;#ffffff&#8221; border_style=&#8221;solid&#8221; custom_css_main_element=&#8221;text-align:center;&#8221;]<\/p>\n<h2 style=\"text-align: justify;\"><span style=\"color: #1fa864;\"><strong>SELECTED ONIdeas CONTEST PROJECTS<\/strong><\/span><\/h2>\n<p style=\"text-align: justify;\">The selected ONIdeas Contest projects have been presented in a pitching session during the on-site event on November 26, 2021, at CCB, Lisboa (Portugal).<\/p>\n<p style=\"text-align: left;\"><span style=\"color: #1fa864;\"><strong>WINNERS<\/strong><\/span><\/p>\n<p style=\"text-align: left;\">The winning project of the <strong>RTP Award<\/strong>, consisting of a development contract valued at 15,000 euros, is <strong>&#8220;Desassossego&#8221;<\/strong> by Formiga Filmes.<\/p>\n<p style=\"text-align: left;\">The winning project of the <strong>SIC Award<\/strong>, which consists of a consultancy service valued at 10,000 euros, is <strong>&#8220;Waterline&#8221;<\/strong> by BRO CINEMA.<\/p>\n<p style=\"text-align: left;\"><span style=\"color: #1fa864;\"><strong>The 6 finalists projects for the ONIdeas Contest call for projects are:<\/strong><\/span><\/p>\n<div class='cyp_archivo_proyectos cyp_archivo_proyectos_pro'><div class='cyp_archivo_proyectos_proyecto'><div class='cyp_archivo_proyectos_proyecto_imagen'><img src='https:\/\/onseries.eu\/wp-content\/plugins\/miguel-onseries\/proyectos_seleccionados\/portada_qyjcmr71g0.jpg'\/><\/div><div class='cyp_archivo_proyectos_proyecto_contenido'>\n\t\t\t\t\t\t<div class='cyp_archivo_proyectos_proyecto_titulo'><strong>BOA<\/strong><\/div>\n\t\t\t\t\t\t<div class='cyp_archivo_proyectos_proyecto_genero'>Thriller\/Crime<br\/>Portugal<\/div>\n\t\t\t\t\t\t<div class='cyp_archivo_proyectos_proyecto_guionistas'><span>SCRIPTWRITER:<\/span><br\/>Jacinto Lucas Pires<\/div><div class='cyp_archivo_proyectos_proyecto_logline'><span>PRODUCTION COMPANIES:<\/span><br\/>Take it Easy Filmes<\/div><div class='cyp_archivo_proyectos_proyecto_logline'><span>LOGLINE:<\/span><br\/>We have a Ukrainian who dominates the business of crime, a Chinese grandmother conquering ground while a young Portuguese man aspires to conquer that empire. All in the multicultural Lisbon that doesn't fit in the tourist postcards.<\/div><\/div>\n\t\t\t\t\t\t<\/div><div class='cyp_archivo_proyectos_proyecto'><div class='cyp_archivo_proyectos_proyecto_imagen'><img src='https:\/\/onseries.eu\/wp-content\/plugins\/miguel-onseries\/proyectos_seleccionados\/portada_hjlbq2wixd.jpg'\/><\/div><div class='cyp_archivo_proyectos_proyecto_contenido'>\n\t\t\t\t\t\t<div class='cyp_archivo_proyectos_proyecto_titulo'><strong>Restlessness<\/strong><\/div>\n\t\t\t\t\t\t<div class='cyp_archivo_proyectos_proyecto_genero'>Dystopia<br\/>Brazil<\/div>\n\t\t\t\t\t\t<div class='cyp_archivo_proyectos_proyecto_guionistas'><span>SCRIPTWRITER:<\/span><br\/>Martina Rupp<\/div><div class='cyp_archivo_proyectos_proyecto_logline'><span>PRODUCTION COMPANIES:<\/span><br\/>Formiga Filmes<\/div><div class='cyp_archivo_proyectos_proyecto_logline'><span>LOGLINE:<\/span><br\/>To prevent her, her daughter, and their entire community from being evicted, Nurse Teresa impales her friend and owner of the building's last contract for life. A journey with no turning back, each day more untenable.<\/div><\/div>\n\t\t\t\t\t\t<\/div><div class='cyp_archivo_proyectos_proyecto'><div class='cyp_archivo_proyectos_proyecto_contenido'>\n\t\t\t\t\t\t<div class='cyp_archivo_proyectos_proyecto_titulo'><strong>Europol<\/strong><\/div>\n\t\t\t\t\t\t<div class='cyp_archivo_proyectos_proyecto_genero'>Crime<br\/>France<\/div>\n\t\t\t\t\t\t<div class='cyp_archivo_proyectos_proyecto_guionistas'><span>SCRIPTWRITER:<\/span><br\/>Hugo Brisbois<\/div><div class='cyp_archivo_proyectos_proyecto_logline'><span>PRODUCTION COMPANIES:<\/span><br\/>Oble<\/div><div class='cyp_archivo_proyectos_proyecto_logline'><span>LOGLINE:<\/span><br\/>Investigators from all over Europe are faced with shocking crimes leading to pan-European investigations that will challenge their ability to collaborate.<\/div><\/div>\n\t\t\t\t\t\t<\/div><div class='cyp_archivo_proyectos_proyecto'><div class='cyp_archivo_proyectos_proyecto_imagen'><img src='https:\/\/onseries.eu\/wp-content\/plugins\/miguel-onseries\/proyectos_seleccionados\/portada_uhbx94ote2.jpg'\/><\/div><div class='cyp_archivo_proyectos_proyecto_contenido'>\n\t\t\t\t\t\t<div class='cyp_archivo_proyectos_proyecto_titulo'><strong>The Last Wolf<\/strong><\/div>\n\t\t\t\t\t\t<div class='cyp_archivo_proyectos_proyecto_genero'>Thriller\/Crime<br\/>Portugal<\/div>\n\t\t\t\t\t\t<div class='cyp_archivo_proyectos_proyecto_guionistas'><span>SCRIPTWRITER:<\/span><br\/>Bruno Gascon<\/div><div class='cyp_archivo_proyectos_proyecto_logline'><span>PRODUCTION COMPANIES:<\/span><br\/>Caracol Studios<\/div><div class='cyp_archivo_proyectos_proyecto_logline'><span>LOGLINE:<\/span><br\/>The true story of Franklim Lobo, one of Europe's biggest drug traffickers serves as the inspiration for this realistic drama series. \r<br>&lsquo;The Last Wolf&rsquo; will explore the rise of Lobo and the corruption within the Judicial Police in the late 1990s.\r<br><\/div><\/div>\n\t\t\t\t\t\t<\/div><div class='cyp_archivo_proyectos_proyecto'><div class='cyp_archivo_proyectos_proyecto_imagen'><img src='https:\/\/onseries.eu\/wp-content\/plugins\/miguel-onseries\/proyectos_seleccionados\/portada_zyk1b5eci4.jpg'\/><\/div><div class='cyp_archivo_proyectos_proyecto_contenido'>\n\t\t\t\t\t\t<div class='cyp_archivo_proyectos_proyecto_titulo'><strong>No Filter<\/strong><\/div>\n\t\t\t\t\t\t<div class='cyp_archivo_proyectos_proyecto_genero'>Dramedy, Juvenile<br\/>Portugal<\/div>\n\t\t\t\t\t\t<div class='cyp_archivo_proyectos_proyecto_guionistas'><span>SCRIPTWRITER:<\/span><br\/>Raquel Palermo, Sofia Bairr\u00e3o<\/div><div class='cyp_archivo_proyectos_proyecto_logline'><span>PRODUCTION COMPANIES:<\/span><br\/>The Board<\/div><div class='cyp_archivo_proyectos_proyecto_logline'><span>LOGLINE:<\/span><br\/>Elisa suffers from anxiety after being a victim of harassment on social media, because a friend manipulated a photo and intimate contents of her audio diary. She tries to start over at a new high school, but the past returns to haunts her.<\/div><\/div>\n\t\t\t\t\t\t<\/div><div class='cyp_archivo_proyectos_proyecto'><div class='cyp_archivo_proyectos_proyecto_imagen'><img src='https:\/\/onseries.eu\/wp-content\/plugins\/miguel-onseries\/proyectos_seleccionados\/portada_60sytxnuim.jpg'\/><\/div><div class='cyp_archivo_proyectos_proyecto_contenido'>\n\t\t\t\t\t\t<div class='cyp_archivo_proyectos_proyecto_titulo'><strong>Waterline<\/strong><\/div>\n\t\t\t\t\t\t<div class='cyp_archivo_proyectos_proyecto_genero'>Thriller\/Crime<br\/>Portugal<\/div>\n\t\t\t\t\t\t<div class='cyp_archivo_proyectos_proyecto_guionistas'><span>SCRIPTWRITER:<\/span><br\/>M\u00e1rio Patroc\u00ednio, Tha\u00eds Tavares<\/div><div class='cyp_archivo_proyectos_proyecto_logline'><span>PRODUCTION COMPANIES:<\/span><br\/>Bro Cinema<\/div><div class='cyp_archivo_proyectos_proyecto_logline'><span>LOGLINE:<\/span><br\/>A Special Maritime Intelligence Force has been established in Lisbon to monitor illicit trafficking between four seas and two oceans. When the mysterious identity of a professional American diver comes on the radar of the British liaison officer, a dangerous investigation begins into an influential family and an intricate international drug trafficking scheme.<\/div><\/div>\n\t\t\t\t\t\t<\/div><\/div>\n<p>[\/et_pb_text][\/et_pb_column][\/et_pb_row][\/et_pb_section]<\/p>\n","protected":false},"excerpt":{"rendered":"<p>[et_pb_section admin_label=&#8221;Secci\u00f3n&#8221; fullwidth=&#8221;on&#8221; specialty=&#8221;off&#8221; transparent_background=&#8221;off&#8221; allow_player_pause=&#8221;off&#8221; inner_shadow=&#8221;off&#8221; parallax=&#8221;off&#8221; parallax_method=&#8221;off&#8221; padding_mobile=&#8221;off&#8221; make_fullwidth=&#8221;off&#8221; use_custom_width=&#8221;off&#8221; width_unit=&#8221;on&#8221; make_equal=&#8221;off&#8221; use_custom_gutter=&#8221;off&#8221; module_class=&#8221;cyp_cf3_header&#8221;][et_pb_fullwidth_header admin_label=&#8221;T\u00edtulo de anchura completa&#8221; background_layout=&#8221;light&#8221; text_orientation=&#8221;left&#8221; header_fullscreen=&#8221;off&#8221; header_scroll_down=&#8221;off&#8221; parallax=&#8221;off&#8221; parallax_method=&#8221;off&#8221; content_orientation=&#8221;center&#8221; image_orientation=&#8221;center&#8221; custom_button_one=&#8221;off&#8221; button_one_letter_spacing=&#8221;0&#8243; button_one_use_icon=&#8221;default&#8221; button_one_icon_placement=&#8221;right&#8221; button_one_on_hover=&#8221;on&#8221; button_one_letter_spacing_hover=&#8221;0&#8243; custom_button_two=&#8221;off&#8221; button_two_letter_spacing=&#8221;0&#8243; button_two_use_icon=&#8221;default&#8221; button_two_icon_placement=&#8221;right&#8221; button_two_on_hover=&#8221;on&#8221; button_two_letter_spacing_hover=&#8221;0&#8243;] SELECTED PROJECTS TO ONIDEAS [\/et_pb_fullwidth_header][\/et_pb_section][et_pb_section admin_label=&#8221;Secci\u00f3n&#8221; fullwidth=&#8221;off&#8221; specialty=&#8221;off&#8221; transparent_background=&#8221;off&#8221; allow_player_pause=&#8221;off&#8221; inner_shadow=&#8221;off&#8221; parallax=&#8221;off&#8221; parallax_method=&#8221;off&#8221; padding_mobile=&#8221;off&#8221; make_fullwidth=&#8221;off&#8221; [&hellip;]<\/p>\n","protected":false},"author":1,"featured_media":0,"parent":0,"menu_order":0,"comment_status":"closed","ping_status":"closed","template":"","meta":{"footnotes":""},"yoast_head":"<!-- This site is optimized with the Yoast SEO plugin v22.4 - https:\/\/yoast.com\/wordpress\/plugins\/seo\/ -->\n<title>Selected Projects to ONIdeas - ONSeries<\/title>\n<meta name=\"robots\" content=\"index, follow, max-snippet:-1, max-image-preview:large, max-video-preview:-1\" \/>\n<link rel=\"canonical\" href=\"https:\/\/onseries.eu\/proyectos-onideas-seleccionados\/\" \/>\n<meta property=\"og:locale\" content=\"en_US\" \/>\n<meta property=\"og:type\" content=\"article\" \/>\n<meta property=\"og:title\" content=\"Selected Projects to ONIdeas - ONSeries\" \/>\n<meta property=\"og:description\" content=\"[et_pb_section admin_label=&#8221;Secci\u00f3n&#8221; fullwidth=&#8221;on&#8221; specialty=&#8221;off&#8221; transparent_background=&#8221;off&#8221; allow_player_pause=&#8221;off&#8221; inner_shadow=&#8221;off&#8221; parallax=&#8221;off&#8221; parallax_method=&#8221;off&#8221; padding_mobile=&#8221;off&#8221; make_fullwidth=&#8221;off&#8221; use_custom_width=&#8221;off&#8221; width_unit=&#8221;on&#8221; make_equal=&#8221;off&#8221; use_custom_gutter=&#8221;off&#8221; module_class=&#8221;cyp_cf3_header&#8221;][et_pb_fullwidth_header admin_label=&#8221;T\u00edtulo de anchura completa&#8221; background_layout=&#8221;light&#8221; text_orientation=&#8221;left&#8221; header_fullscreen=&#8221;off&#8221; header_scroll_down=&#8221;off&#8221; parallax=&#8221;off&#8221; parallax_method=&#8221;off&#8221; content_orientation=&#8221;center&#8221; image_orientation=&#8221;center&#8221; custom_button_one=&#8221;off&#8221; button_one_letter_spacing=&#8221;0&#8243; button_one_use_icon=&#8221;default&#8221; button_one_icon_placement=&#8221;right&#8221; button_one_on_hover=&#8221;on&#8221; button_one_letter_spacing_hover=&#8221;0&#8243; custom_button_two=&#8221;off&#8221; button_two_letter_spacing=&#8221;0&#8243; button_two_use_icon=&#8221;default&#8221; button_two_icon_placement=&#8221;right&#8221; button_two_on_hover=&#8221;on&#8221; button_two_letter_spacing_hover=&#8221;0&#8243;] SELECTED PROJECTS TO ONIDEAS [\/et_pb_fullwidth_header][\/et_pb_section][et_pb_section admin_label=&#8221;Secci\u00f3n&#8221; fullwidth=&#8221;off&#8221; specialty=&#8221;off&#8221; transparent_background=&#8221;off&#8221; allow_player_pause=&#8221;off&#8221; inner_shadow=&#8221;off&#8221; parallax=&#8221;off&#8221; parallax_method=&#8221;off&#8221; padding_mobile=&#8221;off&#8221; make_fullwidth=&#8221;off&#8221; [&hellip;]\" \/>\n<meta property=\"og:url\" content=\"https:\/\/onseries.eu\/proyectos-onideas-seleccionados\/\" \/>\n<meta property=\"og:site_name\" content=\"ONSeries\" \/>\n<meta property=\"og:image\" content=\"https:\/\/onseries.eu\/wp-content\/uploads\/2021\/10\/logo_ogimage-1.jpg\" \/>\n\t<meta property=\"og:image:width\" content=\"520\" \/>\n\t<meta property=\"og:image:height\" content=\"520\" \/>\n\t<meta property=\"og:image:type\" content=\"image\/jpeg\" \/>\n<meta name=\"twitter:card\" content=\"summary_large_image\" \/>\n<meta name=\"twitter:label1\" content=\"Est. reading time\" \/>\n\t<meta name=\"twitter:data1\" content=\"1 minute\" \/>\n<script type=\"application\/ld+json\" class=\"yoast-schema-graph\">{\"@context\":\"https:\/\/schema.org\",\"@graph\":[{\"@type\":\"WebPage\",\"@id\":\"https:\/\/onseries.eu\/proyectos-onideas-seleccionados\/\",\"url\":\"https:\/\/onseries.eu\/proyectos-onideas-seleccionados\/\",\"name\":\"Selected Projects to ONIdeas - ONSeries\",\"isPartOf\":{\"@id\":\"https:\/\/onseries.eu\/#website\"},\"datePublished\":\"2021-11-09T11:16:04+00:00\",\"dateModified\":\"2021-11-09T11:16:04+00:00\",\"breadcrumb\":{\"@id\":\"https:\/\/onseries.eu\/proyectos-onideas-seleccionados\/#breadcrumb\"},\"inLanguage\":\"en-US\",\"potentialAction\":[{\"@type\":\"ReadAction\",\"target\":[\"https:\/\/onseries.eu\/proyectos-onideas-seleccionados\/\"]}]},{\"@type\":\"BreadcrumbList\",\"@id\":\"https:\/\/onseries.eu\/proyectos-onideas-seleccionados\/#breadcrumb\",\"itemListElement\":[{\"@type\":\"ListItem\",\"position\":1,\"name\":\"Portada\",\"item\":\"https:\/\/onseries.eu\/en\/\"},{\"@type\":\"ListItem\",\"position\":2,\"name\":\"Selected Projects to ONIdeas\"}]},{\"@type\":\"WebSite\",\"@id\":\"https:\/\/onseries.eu\/#website\",\"url\":\"https:\/\/onseries.eu\/\",\"name\":\"ONSeries\",\"description\":\"\",\"publisher\":{\"@id\":\"https:\/\/onseries.eu\/#organization\"},\"potentialAction\":[{\"@type\":\"SearchAction\",\"target\":{\"@type\":\"EntryPoint\",\"urlTemplate\":\"https:\/\/onseries.eu\/?s={search_term_string}\"},\"query-input\":\"required name=search_term_string\"}],\"inLanguage\":\"en-US\"},{\"@type\":\"Organization\",\"@id\":\"https:\/\/onseries.eu\/#organization\",\"name\":\"ONSeries\",\"url\":\"https:\/\/onseries.eu\/\",\"logo\":{\"@type\":\"ImageObject\",\"inLanguage\":\"en-US\",\"@id\":\"https:\/\/onseries.eu\/#\/schema\/logo\/image\/\",\"url\":\"https:\/\/onseries.eu\/wp-content\/uploads\/2021\/10\/logo_ogimage-1.jpg\",\"contentUrl\":\"https:\/\/onseries.eu\/wp-content\/uploads\/2021\/10\/logo_ogimage-1.jpg\",\"width\":520,\"height\":520,\"caption\":\"ONSeries\"},\"image\":{\"@id\":\"https:\/\/onseries.eu\/#\/schema\/logo\/image\/\"}}]}<\/script>\n<!-- \/ Yoast SEO plugin. -->","yoast_head_json":{"title":"Selected Projects to ONIdeas - ONSeries","robots":{"index":"index","follow":"follow","max-snippet":"max-snippet:-1","max-image-preview":"max-image-preview:large","max-video-preview":"max-video-preview:-1"},"canonical":"https:\/\/onseries.eu\/proyectos-onideas-seleccionados\/","og_locale":"en_US","og_type":"article","og_title":"Selected Projects to ONIdeas - ONSeries","og_description":"[et_pb_section admin_label=&#8221;Secci\u00f3n&#8221; fullwidth=&#8221;on&#8221; specialty=&#8221;off&#8221; transparent_background=&#8221;off&#8221; allow_player_pause=&#8221;off&#8221; inner_shadow=&#8221;off&#8221; parallax=&#8221;off&#8221; parallax_method=&#8221;off&#8221; padding_mobile=&#8221;off&#8221; make_fullwidth=&#8221;off&#8221; use_custom_width=&#8221;off&#8221; width_unit=&#8221;on&#8221; make_equal=&#8221;off&#8221; use_custom_gutter=&#8221;off&#8221; module_class=&#8221;cyp_cf3_header&#8221;][et_pb_fullwidth_header admin_label=&#8221;T\u00edtulo de anchura completa&#8221; background_layout=&#8221;light&#8221; text_orientation=&#8221;left&#8221; header_fullscreen=&#8221;off&#8221; header_scroll_down=&#8221;off&#8221; parallax=&#8221;off&#8221; parallax_method=&#8221;off&#8221; content_orientation=&#8221;center&#8221; image_orientation=&#8221;center&#8221; custom_button_one=&#8221;off&#8221; button_one_letter_spacing=&#8221;0&#8243; button_one_use_icon=&#8221;default&#8221; button_one_icon_placement=&#8221;right&#8221; button_one_on_hover=&#8221;on&#8221; button_one_letter_spacing_hover=&#8221;0&#8243; custom_button_two=&#8221;off&#8221; button_two_letter_spacing=&#8221;0&#8243; button_two_use_icon=&#8221;default&#8221; button_two_icon_placement=&#8221;right&#8221; button_two_on_hover=&#8221;on&#8221; button_two_letter_spacing_hover=&#8221;0&#8243;] SELECTED PROJECTS TO ONIDEAS [\/et_pb_fullwidth_header][\/et_pb_section][et_pb_section admin_label=&#8221;Secci\u00f3n&#8221; fullwidth=&#8221;off&#8221; specialty=&#8221;off&#8221; transparent_background=&#8221;off&#8221; allow_player_pause=&#8221;off&#8221; inner_shadow=&#8221;off&#8221; parallax=&#8221;off&#8221; parallax_method=&#8221;off&#8221; padding_mobile=&#8221;off&#8221; make_fullwidth=&#8221;off&#8221; [&hellip;]","og_url":"https:\/\/onseries.eu\/proyectos-onideas-seleccionados\/","og_site_name":"ONSeries","og_image":[{"width":520,"height":520,"url":"https:\/\/onseries.eu\/wp-content\/uploads\/2021\/10\/logo_ogimage-1.jpg","type":"image\/jpeg"}],"twitter_card":"summary_large_image","twitter_misc":{"Est. reading time":"1 minute"},"schema":{"@context":"https:\/\/schema.org","@graph":[{"@type":"WebPage","@id":"https:\/\/onseries.eu\/proyectos-onideas-seleccionados\/","url":"https:\/\/onseries.eu\/proyectos-onideas-seleccionados\/","name":"Selected Projects to ONIdeas - ONSeries","isPartOf":{"@id":"https:\/\/onseries.eu\/#website"},"datePublished":"2021-11-09T11:16:04+00:00","dateModified":"2021-11-09T11:16:04+00:00","breadcrumb":{"@id":"https:\/\/onseries.eu\/proyectos-onideas-seleccionados\/#breadcrumb"},"inLanguage":"en-US","potentialAction":[{"@type":"ReadAction","target":["https:\/\/onseries.eu\/proyectos-onideas-seleccionados\/"]}]},{"@type":"BreadcrumbList","@id":"https:\/\/onseries.eu\/proyectos-onideas-seleccionados\/#breadcrumb","itemListElement":[{"@type":"ListItem","position":1,"name":"Portada","item":"https:\/\/onseries.eu\/en\/"},{"@type":"ListItem","position":2,"name":"Selected Projects to ONIdeas"}]},{"@type":"WebSite","@id":"https:\/\/onseries.eu\/#website","url":"https:\/\/onseries.eu\/","name":"ONSeries","description":"","publisher":{"@id":"https:\/\/onseries.eu\/#organization"},"potentialAction":[{"@type":"SearchAction","target":{"@type":"EntryPoint","urlTemplate":"https:\/\/onseries.eu\/?s={search_term_string}"},"query-input":"required name=search_term_string"}],"inLanguage":"en-US"},{"@type":"Organization","@id":"https:\/\/onseries.eu\/#organization","name":"ONSeries","url":"https:\/\/onseries.eu\/","logo":{"@type":"ImageObject","inLanguage":"en-US","@id":"https:\/\/onseries.eu\/#\/schema\/logo\/image\/","url":"https:\/\/onseries.eu\/wp-content\/uploads\/2021\/10\/logo_ogimage-1.jpg","contentUrl":"https:\/\/onseries.eu\/wp-content\/uploads\/2021\/10\/logo_ogimage-1.jpg","width":520,"height":520,"caption":"ONSeries"},"image":{"@id":"https:\/\/onseries.eu\/#\/schema\/logo\/image\/"}}]}},"_links":{"self":[{"href":"https:\/\/onseries.eu\/en\/wp-json\/wp\/v2\/pages\/12885"}],"collection":[{"href":"https:\/\/onseries.eu\/en\/wp-json\/wp\/v2\/pages"}],"about":[{"href":"https:\/\/onseries.eu\/en\/wp-json\/wp\/v2\/types\/page"}],"author":[{"embeddable":true,"href":"https:\/\/onseries.eu\/en\/wp-json\/wp\/v2\/users\/1"}],"replies":[{"embeddable":true,"href":"https:\/\/onseries.eu\/en\/wp-json\/wp\/v2\/comments?post=12885"}],"version-history":[{"count":1,"href":"https:\/\/onseries.eu\/en\/wp-json\/wp\/v2\/pages\/12885\/revisions"}],"predecessor-version":[{"id":12889,"href":"https:\/\/onseries.eu\/en\/wp-json\/wp\/v2\/pages\/12885\/revisions\/12889"}],"wp:attachment":[{"href":"https:\/\/onseries.eu\/en\/wp-json\/wp\/v2\/media?parent=12885"}],"curies":[{"name":"wp","href":"https:\/\/api.w.org\/{rel}","templated":true}]}}